{"id":1094,"date":"2023-06-16T20:12:58","date_gmt":"2023-06-16T20:12:58","guid":{"rendered":"https:\/\/llunahogar.com\/about-3\/"},"modified":"2025-09-25T02:27:59","modified_gmt":"2025-09-25T02:27:59","slug":"sobre-nosotros","status":"publish","type":"page","link":"https:\/\/llunahogar.com\/en\/sobre-nosotros\/","title":{"rendered":"About Us"},"content":{"rendered":"<div data-elementor-type=\"wp-page\" data-elementor-id=\"1094\" class=\"elementor elementor-1094\" data-elementor-post-type=\"page\">\n\t\t\t\t\t\t<section class=\"elementor-section elementor-top-section elementor-element elementor-element-292e6f14 elementor-section-full_width elementor-section-content-top elementor-reverse-mobile elementor-section-height-default elementor-section-height-default\" data-id=\"292e6f14\" data-element_type=\"section\" data-e-type=\"section\">\n\t\t\t\t\t\t<div class=\"elementor-container elementor-column-gap-no\">\n\t\t\t\t\t<div class=\"elementor-column elementor-col-50 elementor-top-column elementor-element elementor-element-48a4e909\" data-id=\"48a4e909\" data-element_type=\"column\" data-e-type=\"column\">\n\t\t\t<div class=\"elementor-widget-wrap elementor-element-populated\">\n\t\t\t\t\t\t<div class=\"elementor-element elementor-element-491f7a2e elementor-invisible elementor-widget elementor-widget-heading\" data-id=\"491f7a2e\" data-element_type=\"widget\" data-e-type=\"widget\" data-settings=\"{&quot;_animation&quot;:&quot;fadeInUp&quot;}\" data-widget_type=\"heading.default\">\n\t\t\t\t\t<h2 class=\"elementor-heading-title elementor-size-default\">About Us<\/h2>\t\t\t\t<\/div>\n\t\t\t\t<section class=\"elementor-section elementor-inner-section elementor-element elementor-element-27c85deb elementor-section-boxed elementor-section-height-default elementor-section-height-default\" data-id=\"27c85deb\" data-element_type=\"section\" data-e-type=\"section\">\n\t\t\t\t\t\t<div class=\"elementor-container elementor-column-gap-no\">\n\t\t\t\t\t<div class=\"elementor-column elementor-col-100 elementor-inner-column elementor-element elementor-element-1075480e\" data-id=\"1075480e\" data-element_type=\"column\" data-e-type=\"column\">\n\t\t\t<div class=\"elementor-widget-wrap elementor-element-populated\">\n\t\t\t\t\t\t<div class=\"elementor-element elementor-element-6f49dee8 elementor-widget-divider--view-line_text elementor-widget-divider--element-align-left elementor-invisible elementor-widget elementor-widget-divider\" data-id=\"6f49dee8\" data-element_type=\"widget\" data-e-type=\"widget\" data-settings=\"{&quot;_animation&quot;:&quot;slideInRight&quot;,&quot;_animation_delay&quot;:400}\" data-widget_type=\"divider.default\">\n\t\t\t\t\t\t\t<div class=\"elementor-divider\">\n\t\t\t<span class=\"elementor-divider-separator\">\n\t\t\t\t\t\t<\/span>\n\t\t<\/div>\n\t\t\t\t\t\t<\/div>\n\t\t\t\t<div class=\"elementor-element elementor-element-1a71b7d6 elementor-widget elementor-widget-text-editor\" data-id=\"1a71b7d6\" data-element_type=\"widget\" data-e-type=\"widget\" data-widget_type=\"text-editor.default\">\n\t\t\t\t\t\t\t\t\t<p>As founders of Lluna Hogar, Ruth Beckwith and Ignacio Obreg\u00f3n,&nbsp;<span style=\"color: var( --e-global-color-text ); letter-spacing: 0px; word-spacing: 0em; background-color: var( --e-global-color-b2a48f1 ); -webkit-text-size-adjust: 100%;\">&nbsp;we believe that our home should be a reflection of our culture, traditions, and be in harmony with our environment.<\/span><\/p>\n<p><span style=\"color: var( --e-global-color-text ); letter-spacing: 0px; word-spacing: 0em; background-color: var( --e-global-color-b2a48f1 ); -webkit-text-size-adjust: 100%;\"> The design of our personal spaces deserves a soul, history, and purpose. That's why at Lluna Hogar, we have created a space fueled by passion for interior design with Mexican roots.<\/span><\/p>\n<p class=\"p1\"><span class=\"s1\">Mexico and its mega biodiversity have been the source of inspiration for artisans who manage to move us through the ages.<\/span><\/p>\n<p>At Lluna Hogar, we not only create visually striking pieces; we also aim to inspire significant change. Our artistic proposal is fueled by the values of a sustainable future, advocating for intimate contact with nature and embracing minimalism as a path towards harmony and essential simplicity.<\/p>\n<p>Every meticulously designed detail in our creations is not only an aesthetic expression but an echo of our dedication to a conscious lifestyle. In every corner of Lluna Hogar, we seek to transcend the ordinary, offering an emotionally enriching experience where design harmoniously merges with the authenticity of Mexican roots.<\/p>\t\t\t\t\t\t\t\t<\/div>\n\t\t\t\t\t<\/div>\n\t\t<\/div>\n\t\t\t\t\t<\/div>\n\t\t<\/section>\n\t\t\t\t<div class=\"elementor-element elementor-element-4f0b6c3 elementor-widget elementor-widget-image\" data-id=\"4f0b6c3\" data-element_type=\"widget\" data-e-type=\"widget\" data-widget_type=\"image.default\">\n\t\t\t\t\t\t\t\t\t\t\t\t\t\t\t<img fetchpriority=\"high\" decoding=\"async\" width=\"600\" height=\"400\" src=\"https:\/\/llunahogar.com\/wp-content\/uploads\/2024\/04\/Esfera-Tierra-Sahumerio.jpg\" class=\"attachment-large size-large wp-image-4025\" alt=\"Sobre Nosotros Esfera Tierra Vela\" srcset=\"https:\/\/llunahogar.com\/wp-content\/uploads\/2024\/04\/Esfera-Tierra-Sahumerio.jpg 600w, https:\/\/llunahogar.com\/wp-content\/uploads\/2024\/04\/Esfera-Tierra-Sahumerio-300x200.jpg 300w, https:\/\/llunahogar.com\/wp-content\/uploads\/2024\/04\/Esfera-Tierra-Sahumerio-18x12.jpg 18w\" sizes=\"(max-width: 600px) 100vw, 600px\" \/>\t\t\t\t\t\t\t\t\t\t\t\t\t\t\t<\/div>\n\t\t\t\t\t<\/div>\n\t\t<\/div>\n\t\t\t\t<div class=\"elementor-column elementor-col-50 elementor-top-column elementor-element elementor-element-39055d9b\" data-id=\"39055d9b\" data-element_type=\"column\" data-e-type=\"column\">\n\t\t\t<div class=\"elementor-widget-wrap elementor-element-populated\">\n\t\t\t\t\t\t<div class=\"elementor-element elementor-element-18810887 elementor-widget elementor-widget-image\" data-id=\"18810887\" data-element_type=\"widget\" data-e-type=\"widget\" data-widget_type=\"image.default\">\n\t\t\t\t\t\t\t\t\t\t\t\t\t\t\t<img decoding=\"async\" width=\"472\" height=\"1024\" src=\"https:\/\/llunahogar.com\/wp-content\/uploads\/2024\/04\/Sobre-Nosotros-Lluna-Hogar-472x1024.jpg\" class=\"attachment-large size-large wp-image-4034\" alt=\"\" srcset=\"https:\/\/llunahogar.com\/wp-content\/uploads\/2024\/04\/Sobre-Nosotros-Lluna-Hogar-472x1024.jpg 472w, https:\/\/llunahogar.com\/wp-content\/uploads\/2024\/04\/Sobre-Nosotros-Lluna-Hogar-138x300.jpg 138w, https:\/\/llunahogar.com\/wp-content\/uploads\/2024\/04\/Sobre-Nosotros-Lluna-Hogar-6x12.jpg 6w, https:\/\/llunahogar.com\/wp-content\/uploads\/2024\/04\/Sobre-Nosotros-Lluna-Hogar.jpg 600w\" sizes=\"(max-width: 472px) 100vw, 472px\" \/>\t\t\t\t\t\t\t\t\t\t\t\t\t\t\t<\/div>\n\t\t\t\t\t<\/div>\n\t\t<\/div>\n\t\t\t\t\t<\/div>\n\t\t<\/section>\n\t\t\t\t<section class=\"elementor-section elementor-top-section elementor-element elementor-element-3ffeaeb2 elementor-section-full_width elementor-section-content-middle elementor-reverse-tablet elementor-reverse-mobile elementor-section-height-default elementor-section-height-default\" data-id=\"3ffeaeb2\" data-element_type=\"section\" data-e-type=\"section\">\n\t\t\t\t\t\t<div class=\"elementor-container elementor-column-gap-no\">\n\t\t\t\t\t<div class=\"elementor-column elementor-col-100 elementor-top-column elementor-element elementor-element-c0617c\" data-id=\"c0617c\" data-element_type=\"column\" data-e-type=\"column\">\n\t\t\t<div class=\"elementor-widget-wrap elementor-element-populated\">\n\t\t\t\t\t\t<div class=\"elementor-element elementor-element-e6e9060 elementor-widget-divider--view-line_text elementor-widget-divider--element-align-right elementor-invisible elementor-widget elementor-widget-divider\" data-id=\"e6e9060\" data-element_type=\"widget\" data-e-type=\"widget\" data-settings=\"{&quot;_animation&quot;:&quot;slideInLeft&quot;}\" data-widget_type=\"divider.default\">\n\t\t\t\t\t\t\t<div class=\"elementor-divider\">\n\t\t\t<span class=\"elementor-divider-separator\">\n\t\t\t\t\t\t\t<span class=\"elementor-divider__text elementor-divider__element\">\n\t\t\t\tLluna hogar\t\t\t\t<\/span>\n\t\t\t\t\t\t<\/span>\n\t\t<\/div>\n\t\t\t\t\t\t<\/div>\n\t\t\t\t\t<\/div>\n\t\t<\/div>\n\t\t\t\t\t<\/div>\n\t\t<\/section>\n\t\t\t\t<section class=\"elementor-section elementor-top-section elementor-element elementor-element-2803d3bb elementor-section-full_width elementor-section-height-min-height elementor-section-items-stretch elementor-section-content-top elementor-section-height-default\" data-id=\"2803d3bb\" data-element_type=\"section\" data-e-type=\"section\">\n\t\t\t\t\t\t<div class=\"elementor-container elementor-column-gap-no\">\n\t\t\t\t\t<div class=\"elementor-column elementor-col-100 elementor-top-column elementor-element elementor-element-48da81c8\" data-id=\"48da81c8\" data-element_type=\"column\" data-e-type=\"column\" data-settings=\"{&quot;background_background&quot;:&quot;classic&quot;}\">\n\t\t\t<div class=\"elementor-widget-wrap elementor-element-populated\">\n\t\t\t\t\t\t<div class=\"elementor-element elementor-element-347fe5f1 elementor-invisible elementor-widget elementor-widget-heading\" data-id=\"347fe5f1\" data-element_type=\"widget\" data-e-type=\"widget\" data-settings=\"{&quot;_animation&quot;:&quot;fadeInUp&quot;}\" data-widget_type=\"heading.default\">\n\t\t\t\t\t<h2 class=\"elementor-heading-title elementor-size-default\">Our Mission<\/h2>\t\t\t\t<\/div>\n\t\t\t\t<div class=\"elementor-element elementor-element-9c6a2b9 elementor-widget__width-initial elementor-widget elementor-widget-text-editor\" data-id=\"9c6a2b9\" data-element_type=\"widget\" data-e-type=\"widget\" data-widget_type=\"text-editor.default\">\n\t\t\t\t\t\t\t\t\t<p class=\"p1\"><span class=\"s1\">At Lluna Hogar, one of our missions is to offer natural candles that are free of toxins. We believe that the products in our home should align with our beliefs and values.<\/span><\/p>\n<p class=\"p1\"><span class=\"s1\">Our candles are 100% natural, made with Mexican ingredients.&nbsp;<\/span><\/p><p class=\"p1\"><span class=\"s1\">We are proud to know exactly the origin of our ingredients.<\/span><\/p>\t\t\t\t\t\t\t\t<\/div>\n\t\t\t\t<div class=\"elementor-element elementor-element-de3f01d elementor-align-center elementor-widget elementor-widget-button\" data-id=\"de3f01d\" data-element_type=\"widget\" data-e-type=\"widget\" data-widget_type=\"button.default\">\n\t\t\t\t\t\t\t\t\t\t<a class=\"elementor-button elementor-button-link elementor-size-sm\" href=\"https:\/\/llunahogar.com\/en\/productos\/\">\n\t\t\t\t\t\t<span class=\"elementor-button-content-wrapper\">\n\t\t\t\t\t\t\t\t\t<span class=\"elementor-button-text\">View Store<\/span>\n\t\t\t\t\t<\/span>\n\t\t\t\t\t<\/a>\n\t\t\t\t\t\t\t\t<\/div>\n\t\t\t\t\t<\/div>\n\t\t<\/div>\n\t\t\t\t\t<\/div>\n\t\t<\/section>\n\t\t\t\t<\/div>","protected":false},"excerpt":{"rendered":"<p>Sobre Nosotros Como fundadores de Lluna Hogar, Ruth Beckwith e Ignacio Obreg\u00f3n,&nbsp;&nbsp;creemos que nuestro hogar debe ser un reflejo de nuestra cultura, tradiciones y estar en sinton\u00eda con nuestro medio ambiente. El dise\u00f1o de nuestros espacios personales merecen un alma, historia y prop\u00f3sito. Es por esto que en Lluna Hogar hemos creado un espacio de [&hellip;]<\/p>\n","protected":false},"author":1,"featured_media":0,"parent":0,"menu_order":0,"comment_status":"closed","ping_status":"closed","template":"elementor_header_footer","meta":{"footnotes":""},"class_list":["post-1094","page","type-page","status-publish","hentry"],"_links":{"self":[{"href":"https:\/\/llunahogar.com\/en\/wp-json\/wp\/v2\/pages\/1094","targetHints":{"allow":["GET"]}}],"collection":[{"href":"https:\/\/llunahogar.com\/en\/wp-json\/wp\/v2\/pages"}],"about":[{"href":"https:\/\/llunahogar.com\/en\/wp-json\/wp\/v2\/types\/page"}],"author":[{"embeddable":true,"href":"https:\/\/llunahogar.com\/en\/wp-json\/wp\/v2\/users\/1"}],"replies":[{"embeddable":true,"href":"https:\/\/llunahogar.com\/en\/wp-json\/wp\/v2\/comments?post=1094"}],"version-history":[{"count":8,"href":"https:\/\/llunahogar.com\/en\/wp-json\/wp\/v2\/pages\/1094\/revisions"}],"predecessor-version":[{"id":5921,"href":"https:\/\/llunahogar.com\/en\/wp-json\/wp\/v2\/pages\/1094\/revisions\/5921"}],"wp:attachment":[{"href":"https:\/\/llunahogar.com\/en\/wp-json\/wp\/v2\/media?parent=1094"}],"curies":[{"name":"wp","href":"https:\/\/api.w.org\/{rel}","templated":true}]}}