{"id":2228,"date":"2023-09-21T17:46:02","date_gmt":"2023-09-21T17:46:02","guid":{"rendered":"https:\/\/llunahogar.com\/?page_id=2228"},"modified":"2023-11-11T16:00:56","modified_gmt":"2023-11-11T16:00:56","slug":"politica-de-envio","status":"publish","type":"page","link":"https:\/\/llunahogar.com\/en\/politica-de-envio\/","title":{"rendered":"Shipping Policy"},"content":{"rendered":"<div data-elementor-type=\"wp-page\" data-elementor-id=\"2228\" class=\"elementor elementor-2228\" data-elementor-post-type=\"page\">\n\t\t\t\t\t\t<section class=\"elementor-section elementor-top-section elementor-element elementor-element-a81e5c1 elementor-section-boxed elementor-section-height-default elementor-section-height-default\" data-id=\"a81e5c1\" data-element_type=\"section\" data-e-type=\"section\">\n\t\t\t\t\t\t<div class=\"elementor-container elementor-column-gap-default\">\n\t\t\t\t\t<div class=\"elementor-column elementor-col-100 elementor-top-column elementor-element elementor-element-e9310cc\" data-id=\"e9310cc\" data-element_type=\"column\" data-e-type=\"column\">\n\t\t\t<div class=\"elementor-widget-wrap elementor-element-populated\">\n\t\t\t\t\t\t<div class=\"elementor-element elementor-element-8ebdd19 elementor-widget elementor-widget-theme-post-title elementor-page-title elementor-widget-heading\" data-id=\"8ebdd19\" data-element_type=\"widget\" data-e-type=\"widget\" data-widget_type=\"theme-post-title.default\">\n\t\t\t\t\t<h1 class=\"elementor-heading-title elementor-size-default\">Shipping Policy<\/h1>\t\t\t\t<\/div>\n\t\t\t\t\t<\/div>\n\t\t<\/div>\n\t\t\t\t\t<\/div>\n\t\t<\/section>\n\t\t\t\t<section class=\"elementor-section elementor-top-section elementor-element elementor-element-9410f31 elementor-section-boxed elementor-section-height-default elementor-section-height-default\" data-id=\"9410f31\" data-element_type=\"section\" data-e-type=\"section\">\n\t\t\t\t\t\t<div class=\"elementor-container elementor-column-gap-default\">\n\t\t\t\t\t<div class=\"elementor-column elementor-col-100 elementor-top-column elementor-element elementor-element-13ea481\" data-id=\"13ea481\" data-element_type=\"column\" data-e-type=\"column\">\n\t\t\t<div class=\"elementor-widget-wrap elementor-element-populated\">\n\t\t\t\t\t\t<div class=\"elementor-element elementor-element-1383301 elementor-widget elementor-widget-text-editor\" data-id=\"1383301\" data-element_type=\"widget\" data-e-type=\"widget\" data-widget_type=\"text-editor.default\">\n\t\t\t\t\t\t\t\t\t<div class=\"shopify-policy__title\">\n<p><span style=\"color: var( --e-global-color-text ); font-family: var( --e-global-typography-text-font-family ), Sans-serif; font-size: var( --e-global-typography-text-font-size ); font-style: var( --e-global-typography-text-font-style ); font-weight: var( --e-global-typography-text-font-weight ); letter-spacing: var( --e-global-typography-text-letter-spacing ); text-transform: var( --e-global-typography-text-text-transform ); word-spacing: var( --e-global-typography-text-word-spacing ); background-color: var( --e-global-color-b2a48f1 );\">Una vez validado el pago, el pedido es preparado y se env\u00eda. El cliente recibir\u00e1 al correo que ingres\u00f3 en su compra, un n\u00famero de gu\u00eda para dar seguimiento al proceso de entrega del pedido.<\/span><\/p>\n<\/div>\n<div class=\"shopify-policy__body\">\n<div class=\"rte\">\n<p class=\"p1\">El cliente deber\u00e1 ingresar sus datos completos y a\u00f1adir las referencias necesarias para la correcta entrega de su pedido. Una vez que el pedido haya salido del almac\u00e9n, el cliente no podr\u00e1 realizar cambios en la direcci\u00f3n de entrega. Los horarios de entrega de pedidos ser\u00e1n determinados por las paqueterias encargadas.<\/p>\n<p class=\"p1\">Por causas fuera del control de LLUNA HOGAR\u00ae, puede suceder que la entrega del paquete se atrase, atrasos que no son responsabilidad de LLUNA HOGAR\u00ae sino de la empresa de paqueter\u00eda.<\/p>\n<p class=\"p1\">En caso de atraso con gusto podemos apoyarte a agilizar la entrega o resolver situaciones con la paqueter\u00eda.<\/p>\n<p class=\"p2\">Actualmente enviamos paquetes solamente dentro de la Rep\u00fablica Mexicana.<\/p>\n<p class=\"p2\">El env\u00edo est\u00e1ndar dentro de la cobertura general de la paqueter\u00eda tarda entre 3 y 7 d\u00edas h\u00e1biles, excepto en temporada de HOT SALE, BUEN FIN y otras promociones que pueden tardar hasta 15 d\u00edas h\u00e1biles. El env\u00edo tiene un costo est\u00e1ndar aproximado de $150.00 pesos mexicanos.<\/p>\n<p class=\"p3\"><span class=\"s1\">El seguimiento al pedido es responsabilidad del cliente. En caso de que&nbsp;<\/span>el pedido tenga estatus de entregado y el cliente no reconozca la entrega debe comunicarse de inmediato con LLUNA HOGAR\u00ae para que se levante el reporte y se haga la investigaci\u00f3n correspondiente por parte de la paqueter\u00eda. Despu\u00e9s de 5 d\u00edas h\u00e1biles, no podr\u00e1 realizarse ninguna reclamaci\u00f3n.<\/p>\n<p class=\"p4\">Pedidos devueltos por ausencia del cliente: LLUNA HOGAR\u00ae har\u00e1 un 2do env\u00edo del pedido una vez que el paquete original haya regresado al punto de origen.<\/p>\n<p class=\"p4\">Si el cliente hace 2 pedidos a la misma direcci\u00f3n, podr\u00e1n enviarse juntos o por separado de acuerdo a la log\u00edstica que m\u00e1s le convenga a LLUNA HOGAR\u00ae. No proceder\u00e1n devoluciones de pago por el segundo env\u00edo. (Aplican las condiciones anteriores)<\/p>\n<\/div>\n<\/div>\t\t\t\t\t\t\t\t<\/div>\n\t\t\t\t\t<\/div>\n\t\t<\/div>\n\t\t\t\t\t<\/div>\n\t\t<\/section>\n\t\t\t\t<section class=\"elementor-section elementor-top-section elementor-element elementor-element-398847f elementor-section-boxed elementor-section-height-default elementor-section-height-default\" data-id=\"398847f\" data-element_type=\"section\" data-e-type=\"section\">\n\t\t\t\t\t\t<div class=\"elementor-container elementor-column-gap-default\">\n\t\t\t\t\t<div class=\"elementor-column elementor-col-100 elementor-top-column elementor-element elementor-element-3778536\" data-id=\"3778536\" data-element_type=\"column\" data-e-type=\"column\">\n\t\t\t<div class=\"elementor-widget-wrap elementor-element-populated\">\n\t\t\t\t\t\t<div class=\"elementor-element elementor-element-818f683 elementor-widget elementor-widget-heading\" data-id=\"818f683\" data-element_type=\"widget\" data-e-type=\"widget\" data-widget_type=\"heading.default\">\n\t\t\t\t\t<h2 class=\"elementor-heading-title elementor-size-default\">Pol\u00edtica de Reembolso<\/h2>\t\t\t\t<\/div>\n\t\t\t\t\t<\/div>\n\t\t<\/div>\n\t\t\t\t\t<\/div>\n\t\t<\/section>\n\t\t\t\t<section class=\"elementor-section elementor-top-section elementor-element elementor-element-86036de elementor-section-boxed elementor-section-height-default elementor-section-height-default\" data-id=\"86036de\" data-element_type=\"section\" data-e-type=\"section\">\n\t\t\t\t\t\t<div class=\"elementor-container elementor-column-gap-default\">\n\t\t\t\t\t<div class=\"elementor-column elementor-col-100 elementor-top-column elementor-element elementor-element-4a32fe4\" data-id=\"4a32fe4\" data-element_type=\"column\" data-e-type=\"column\">\n\t\t\t<div class=\"elementor-widget-wrap elementor-element-populated\">\n\t\t\t\t\t\t<div class=\"elementor-element elementor-element-aff840c elementor-widget elementor-widget-heading\" data-id=\"aff840c\" data-element_type=\"widget\" data-e-type=\"widget\" data-widget_type=\"heading.default\">\n\t\t\t\t\t<h2 class=\"elementor-heading-title elementor-size-default\">Plazo<\/h2>\t\t\t\t<\/div>\n\t\t\t\t\t<\/div>\n\t\t<\/div>\n\t\t\t\t\t<\/div>\n\t\t<\/section>\n\t\t\t\t<section class=\"elementor-section elementor-top-section elementor-element elementor-element-87a41bb elementor-section-boxed elementor-section-height-default elementor-section-height-default\" data-id=\"87a41bb\" data-element_type=\"section\" data-e-type=\"section\">\n\t\t\t\t\t\t<div class=\"elementor-container elementor-column-gap-default\">\n\t\t\t\t\t<div class=\"elementor-column elementor-col-100 elementor-top-column elementor-element elementor-element-82732cc\" data-id=\"82732cc\" data-element_type=\"column\" data-e-type=\"column\">\n\t\t\t<div class=\"elementor-widget-wrap elementor-element-populated\">\n\t\t\t\t\t\t<div class=\"elementor-element elementor-element-4f2355d elementor-widget elementor-widget-text-editor\" data-id=\"4f2355d\" data-element_type=\"widget\" data-e-type=\"widget\" data-widget_type=\"text-editor.default\">\n\t\t\t\t\t\t\t\t\t<p><span style=\"color: var( --e-global-color-text ); font-family: var( --e-global-typography-text-font-family ), Sans-serif; font-size: var( --e-global-typography-text-font-size ); font-style: var( --e-global-typography-text-font-style ); font-weight: var( --e-global-typography-text-font-weight ); letter-spacing: var( --e-global-typography-text-letter-spacing ); text-transform: var( --e-global-typography-text-text-transform ); word-spacing: var( --e-global-typography-text-word-spacing ); background-color: var( --e-global-color-b2a48f1 );\">\u2013 Todas las \u00f3rdenes son finales.<\/span><br><\/p>\n<p class=\"p1\">\u2013 No ofrecemos devoluciones por cambio de opini\u00f3n.<\/p>\t\t\t\t\t\t\t\t<\/div>\n\t\t\t\t\t<\/div>\n\t\t<\/div>\n\t\t\t\t\t<\/div>\n\t\t<\/section>\n\t\t\t\t<section class=\"elementor-section elementor-top-section elementor-element elementor-element-88169b0 elementor-section-boxed elementor-section-height-default elementor-section-height-default\" data-id=\"88169b0\" data-element_type=\"section\" data-e-type=\"section\">\n\t\t\t\t\t\t<div class=\"elementor-container elementor-column-gap-default\">\n\t\t\t\t\t<div class=\"elementor-column elementor-col-100 elementor-top-column elementor-element elementor-element-9cd4232\" data-id=\"9cd4232\" data-element_type=\"column\" data-e-type=\"column\">\n\t\t\t<div class=\"elementor-widget-wrap elementor-element-populated\">\n\t\t\t\t\t\t<div class=\"elementor-element elementor-element-747d10e elementor-widget elementor-widget-heading\" data-id=\"747d10e\" data-element_type=\"widget\" data-e-type=\"widget\" data-widget_type=\"heading.default\">\n\t\t\t\t\t<h2 class=\"elementor-heading-title elementor-size-default\">condiciones<\/h2>\t\t\t\t<\/div>\n\t\t\t\t\t<\/div>\n\t\t<\/div>\n\t\t\t\t\t<\/div>\n\t\t<\/section>\n\t\t\t\t<section class=\"elementor-section elementor-top-section elementor-element elementor-element-bdd48df elementor-section-boxed elementor-section-height-default elementor-section-height-default\" data-id=\"bdd48df\" data-element_type=\"section\" data-e-type=\"section\">\n\t\t\t\t\t\t<div class=\"elementor-container elementor-column-gap-default\">\n\t\t\t\t\t<div class=\"elementor-column elementor-col-100 elementor-top-column elementor-element elementor-element-f358c47\" data-id=\"f358c47\" data-element_type=\"column\" data-e-type=\"column\">\n\t\t\t<div class=\"elementor-widget-wrap elementor-element-populated\">\n\t\t\t\t\t\t<div class=\"elementor-element elementor-element-1304e02 elementor-widget elementor-widget-text-editor\" data-id=\"1304e02\" data-element_type=\"widget\" data-e-type=\"widget\" data-widget_type=\"text-editor.default\">\n\t\t\t\t\t\t\t\t\t<p>Para ser elegible para una devoluci\u00f3n, el art\u00edculo debe:<\/p><p class=\"p1\">\u2013 Si recibes un paquete y en el caso improbable de que el contenido haya sido da\u00f1ado durante el transporte, sea defectuoso, incorrecto o haya causado alg\u00fan efecto adverso cont\u00e1ctanos inmediatamente por correo electr\u00f3nico soporte@llunahogar.com y tan pronto como sea posible haremos reposici\u00f3n o reembolso, sujeto a aprobaci\u00f3n.\u00a0<\/p><p class=\"p1\">Debe incluir su n\u00famero de pedido original, con su nombre y direcci\u00f3n, explicaci\u00f3n de la situaci\u00f3n y fotograf\u00edas o video. Cada situaci\u00f3n ser\u00e1 evaluada y se ofrecer\u00e1 la opci\u00f3n que sea m\u00e1s conveniente.<\/p><p class=\"p1\">\u00a0La solicitud de reposici\u00f3n o reembolso s\u00f3lo ser\u00e1 v\u00e1lida dentro de los primeros 5 d\u00edas naturales despu\u00e9s de haber recibido su compra. Si tienes alguna inquietud acerca de su pedido o si no est\u00e1s satisfecho, env\u00eda un correo electr\u00f3nico a soporte@llunahogar.com.\u00a0<\/p><p class=\"p1\">Nuestro horario de servicio a cliente en todas es de Lunes a Viernes de 9:00 AM a 18:00 PM. <br \/>Hay algunas situaciones donde solo se pueden garantizar reembolsos parciales:<\/p><p>\u2013 Cualquier producto que no se encuentre en su condici\u00f3n original, que est\u00e9 da\u00f1ado o le falten partes por razones ajenas a nosotros.\u00a0<\/p>\t\t\t\t\t\t\t\t<\/div>\n\t\t\t\t\t<\/div>\n\t\t<\/div>\n\t\t\t\t\t<\/div>\n\t\t<\/section>\n\t\t\t\t<section class=\"elementor-section elementor-top-section elementor-element elementor-element-aa37a91 elementor-section-boxed elementor-section-height-default elementor-section-height-default\" data-id=\"aa37a91\" data-element_type=\"section\" data-e-type=\"section\">\n\t\t\t\t\t\t<div class=\"elementor-container elementor-column-gap-default\">\n\t\t\t\t\t<div class=\"elementor-column elementor-col-100 elementor-top-column elementor-element elementor-element-b565eb6\" data-id=\"b565eb6\" data-element_type=\"column\" data-e-type=\"column\">\n\t\t\t<div class=\"elementor-widget-wrap elementor-element-populated\">\n\t\t\t\t\t\t<div class=\"elementor-element elementor-element-d1124ba elementor-widget elementor-widget-heading\" data-id=\"d1124ba\" data-element_type=\"widget\" data-e-type=\"widget\" data-widget_type=\"heading.default\">\n\t\t\t\t\t<h2 class=\"elementor-heading-title elementor-size-default\">procedimiento<\/h2>\t\t\t\t<\/div>\n\t\t\t\t\t<\/div>\n\t\t<\/div>\n\t\t\t\t\t<\/div>\n\t\t<\/section>\n\t\t\t\t<section class=\"elementor-section elementor-top-section elementor-element elementor-element-ff193a9 elementor-section-boxed elementor-section-height-default elementor-section-height-default\" data-id=\"ff193a9\" data-element_type=\"section\" data-e-type=\"section\">\n\t\t\t\t\t\t<div class=\"elementor-container elementor-column-gap-default\">\n\t\t\t\t\t<div class=\"elementor-column elementor-col-100 elementor-top-column elementor-element elementor-element-6ec3b88\" data-id=\"6ec3b88\" data-element_type=\"column\" data-e-type=\"column\">\n\t\t\t<div class=\"elementor-widget-wrap elementor-element-populated\">\n\t\t\t\t\t\t<div class=\"elementor-element elementor-element-c7c76d1 elementor-widget elementor-widget-text-editor\" data-id=\"c7c76d1\" data-element_type=\"widget\" data-e-type=\"widget\" data-widget_type=\"text-editor.default\">\n\t\t\t\t\t\t\t\t\t<p>Una vez revisada la situaci\u00f3n por la solicitud de reposici\u00f3n o reembolso, le enviaremos un correo electr\u00f3nico con las instrucciones a seguir.\u00a0<\/p><p>En caso de ser aprobado el reembolso, se aplicar\u00e1 al m\u00e9todo de pago utilizado. Este puede verse reflejado hasta en 10 d\u00edas h\u00e1biles despu\u00e9s de la confirmaci\u00f3n de reembolso.<\/p>\t\t\t\t\t\t\t\t<\/div>\n\t\t\t\t\t<\/div>\n\t\t<\/div>\n\t\t\t\t\t<\/div>\n\t\t<\/section>\n\t\t\t\t<section class=\"elementor-section elementor-top-section elementor-element elementor-element-bc27ac0 elementor-section-boxed elementor-section-height-default elementor-section-height-default\" data-id=\"bc27ac0\" data-element_type=\"section\" data-e-type=\"section\">\n\t\t\t\t\t\t<div class=\"elementor-container elementor-column-gap-default\">\n\t\t\t\t\t<div class=\"elementor-column elementor-col-100 elementor-top-column elementor-element elementor-element-7cdd2c0\" data-id=\"7cdd2c0\" data-element_type=\"column\" data-e-type=\"column\">\n\t\t\t<div class=\"elementor-widget-wrap elementor-element-populated\">\n\t\t\t\t\t\t<div class=\"elementor-element elementor-element-ed041a0 elementor-widget elementor-widget-heading\" data-id=\"ed041a0\" data-element_type=\"widget\" data-e-type=\"widget\" data-widget_type=\"heading.default\">\n\t\t\t\t\t<h2 class=\"elementor-heading-title elementor-size-default\">condiciones del producto<\/h2>\t\t\t\t<\/div>\n\t\t\t\t\t<\/div>\n\t\t<\/div>\n\t\t\t\t\t<\/div>\n\t\t<\/section>\n\t\t\t\t<section class=\"elementor-section elementor-top-section elementor-element elementor-element-aeeda11 elementor-section-boxed elementor-section-height-default elementor-section-height-default\" data-id=\"aeeda11\" data-element_type=\"section\" data-e-type=\"section\">\n\t\t\t\t\t\t<div class=\"elementor-container elementor-column-gap-default\">\n\t\t\t\t\t<div class=\"elementor-column elementor-col-100 elementor-top-column elementor-element elementor-element-b814ae5\" data-id=\"b814ae5\" data-element_type=\"column\" data-e-type=\"column\">\n\t\t\t<div class=\"elementor-widget-wrap elementor-element-populated\">\n\t\t\t\t\t\t<div class=\"elementor-element elementor-element-e3c64f7 elementor-widget elementor-widget-text-editor\" data-id=\"e3c64f7\" data-element_type=\"widget\" data-e-type=\"widget\" data-widget_type=\"text-editor.default\">\n\t\t\t\t\t\t\t\t\t<p>Solo reemplazamos art\u00edculos si est\u00e1n defectuosos o da\u00f1ados. Si desea una reposici\u00f3n, env\u00edenos un correo electr\u00f3nico a soporte@llunahogar.com.<\/p>\t\t\t\t\t\t\t\t<\/div>\n\t\t\t\t\t<\/div>\n\t\t<\/div>\n\t\t\t\t\t<\/div>\n\t\t<\/section>\n\t\t\t\t<section class=\"elementor-section elementor-top-section elementor-element elementor-element-ea741b6 elementor-section-boxed elementor-section-height-default elementor-section-height-default\" data-id=\"ea741b6\" data-element_type=\"section\" data-e-type=\"section\">\n\t\t\t\t\t\t<div class=\"elementor-container elementor-column-gap-default\">\n\t\t\t\t\t<div class=\"elementor-column elementor-col-100 elementor-top-column elementor-element elementor-element-f13ee17\" data-id=\"f13ee17\" data-element_type=\"column\" data-e-type=\"column\">\n\t\t\t<div class=\"elementor-widget-wrap elementor-element-populated\">\n\t\t\t\t\t\t<div class=\"elementor-element elementor-element-a6b76da elementor-widget elementor-widget-heading\" data-id=\"a6b76da\" data-element_type=\"widget\" data-e-type=\"widget\" data-widget_type=\"heading.default\">\n\t\t\t\t\t<h2 class=\"elementor-heading-title elementor-size-default\">Plazo de respuesta<\/h2>\t\t\t\t<\/div>\n\t\t\t\t\t<\/div>\n\t\t<\/div>\n\t\t\t\t\t<\/div>\n\t\t<\/section>\n\t\t\t\t<section class=\"elementor-section elementor-top-section elementor-element elementor-element-897cb0d elementor-section-boxed elementor-section-height-default elementor-section-height-default\" data-id=\"897cb0d\" data-element_type=\"section\" data-e-type=\"section\">\n\t\t\t\t\t\t<div class=\"elementor-container elementor-column-gap-default\">\n\t\t\t\t\t<div class=\"elementor-column elementor-col-100 elementor-top-column elementor-element elementor-element-6b1d285\" data-id=\"6b1d285\" data-element_type=\"column\" data-e-type=\"column\">\n\t\t\t<div class=\"elementor-widget-wrap elementor-element-populated\">\n\t\t\t\t\t\t<div class=\"elementor-element elementor-element-5bdd47c elementor-widget elementor-widget-text-editor\" data-id=\"5bdd47c\" data-element_type=\"widget\" data-e-type=\"widget\" data-widget_type=\"text-editor.default\">\n\t\t\t\t\t\t\t\t\t<p>En caso de ser aprobado el reembolso, se aplicar\u00e1 al m\u00e9todo de pago utilizado. Este puede verse reflejado hasta en 10 d\u00edas h\u00e1biles despu\u00e9s de la confirmaci\u00f3n de reembolso.<\/p>\t\t\t\t\t\t\t\t<\/div>\n\t\t\t\t\t<\/div>\n\t\t<\/div>\n\t\t\t\t\t<\/div>\n\t\t<\/section>\n\t\t\t\t<section class=\"elementor-section elementor-top-section elementor-element elementor-element-9598051 elementor-section-boxed elementor-section-height-default elementor-section-height-default\" data-id=\"9598051\" data-element_type=\"section\" data-e-type=\"section\">\n\t\t\t\t\t\t<div class=\"elementor-container elementor-column-gap-default\">\n\t\t\t\t\t<div class=\"elementor-column elementor-col-100 elementor-top-column elementor-element elementor-element-3c12935\" data-id=\"3c12935\" data-element_type=\"column\" data-e-type=\"column\">\n\t\t\t<div class=\"elementor-widget-wrap elementor-element-populated\">\n\t\t\t\t\t\t<div class=\"elementor-element elementor-element-aaa0da5 elementor-widget elementor-widget-heading\" data-id=\"aaa0da5\" data-element_type=\"widget\" data-e-type=\"widget\" data-widget_type=\"heading.default\">\n\t\t\t\t\t<h2 class=\"elementor-heading-title elementor-size-default\">costos de env\u00edo<\/h2>\t\t\t\t<\/div>\n\t\t\t\t\t<\/div>\n\t\t<\/div>\n\t\t\t\t\t<\/div>\n\t\t<\/section>\n\t\t\t\t<section class=\"elementor-section elementor-top-section elementor-element elementor-element-5031aa5 elementor-section-boxed elementor-section-height-default elementor-section-height-default\" data-id=\"5031aa5\" data-element_type=\"section\" data-e-type=\"section\">\n\t\t\t\t\t\t<div class=\"elementor-container elementor-column-gap-default\">\n\t\t\t\t\t<div class=\"elementor-column elementor-col-100 elementor-top-column elementor-element elementor-element-42487f7\" data-id=\"42487f7\" data-element_type=\"column\" data-e-type=\"column\">\n\t\t\t<div class=\"elementor-widget-wrap elementor-element-populated\">\n\t\t\t\t\t\t<div class=\"elementor-element elementor-element-0e801f3 elementor-widget elementor-widget-text-editor\" data-id=\"0e801f3\" data-element_type=\"widget\" data-e-type=\"widget\" data-widget_type=\"text-editor.default\">\n\t\t\t\t\t\t\t\t\t<p>Se podr\u00e1 devolver sin nig\u00fan costo, cualquier producto da\u00f1ado.<\/p>\t\t\t\t\t\t\t\t<\/div>\n\t\t\t\t\t<\/div>\n\t\t<\/div>\n\t\t\t\t\t<\/div>\n\t\t<\/section>\n\t\t\t\t<\/div>","protected":false},"excerpt":{"rendered":"<p>Una vez validado el pago, el pedido es preparado y se env\u00eda. El cliente recibir\u00e1 al correo que ingres\u00f3 en su compra, un n\u00famero de gu\u00eda para dar seguimiento al proceso de entrega del pedido. El cliente deber\u00e1 ingresar sus datos completos y a\u00f1adir las referencias necesarias para la correcta entrega de su pedido. Una [&hellip;]<\/p>\n","protected":false},"author":1,"featured_media":0,"parent":0,"menu_order":0,"comment_status":"closed","ping_status":"closed","template":"elementor_header_footer","meta":{"footnotes":""},"class_list":["post-2228","page","type-page","status-publish","hentry"],"_links":{"self":[{"href":"https:\/\/llunahogar.com\/en\/wp-json\/wp\/v2\/pages\/2228","targetHints":{"allow":["GET"]}}],"collection":[{"href":"https:\/\/llunahogar.com\/en\/wp-json\/wp\/v2\/pages"}],"about":[{"href":"https:\/\/llunahogar.com\/en\/wp-json\/wp\/v2\/types\/page"}],"author":[{"embeddable":true,"href":"https:\/\/llunahogar.com\/en\/wp-json\/wp\/v2\/users\/1"}],"replies":[{"embeddable":true,"href":"https:\/\/llunahogar.com\/en\/wp-json\/wp\/v2\/comments?post=2228"}],"version-history":[{"count":0,"href":"https:\/\/llunahogar.com\/en\/wp-json\/wp\/v2\/pages\/2228\/revisions"}],"wp:attachment":[{"href":"https:\/\/llunahogar.com\/en\/wp-json\/wp\/v2\/media?parent=2228"}],"curies":[{"name":"wp","href":"https:\/\/api.w.org\/{rel}","templated":true}]}}