{"id":3091,"date":"2023-12-18T20:48:27","date_gmt":"2023-12-18T20:48:27","guid":{"rendered":"https:\/\/llunahogar.com\/?page_id=3091"},"modified":"2025-04-04T18:12:06","modified_gmt":"2025-04-04T18:12:06","slug":"coleccion-esfera","status":"publish","type":"page","link":"https:\/\/llunahogar.com\/en\/coleccion-esfera\/","title":{"rendered":"Colecci\u00f3n Esfera"},"content":{"rendered":"<div data-elementor-type=\"wp-page\" data-elementor-id=\"3091\" class=\"elementor elementor-3091\" data-elementor-post-type=\"page\">\n\t\t\t\t\t\t<section class=\"elementor-section elementor-top-section elementor-element elementor-element-9e1f041 elementor-section-boxed elementor-section-height-default elementor-section-height-default\" data-id=\"9e1f041\" data-element_type=\"section\" data-e-type=\"section\">\n\t\t\t\t\t\t<div class=\"elementor-container elementor-column-gap-default\">\n\t\t\t\t\t<div class=\"elementor-column elementor-col-100 elementor-top-column elementor-element elementor-element-9ef1b46\" data-id=\"9ef1b46\" data-element_type=\"column\" data-e-type=\"column\">\n\t\t\t<div class=\"elementor-widget-wrap elementor-element-populated\">\n\t\t\t\t\t\t<div class=\"elementor-element elementor-element-cf95f80 elementor-widget elementor-widget-spacer\" data-id=\"cf95f80\" data-element_type=\"widget\" data-e-type=\"widget\" data-widget_type=\"spacer.default\">\n\t\t\t\t\t\t\t<div class=\"elementor-spacer\">\n\t\t\t<div class=\"elementor-spacer-inner\"><\/div>\n\t\t<\/div>\n\t\t\t\t\t\t<\/div>\n\t\t\t\t\t<\/div>\n\t\t<\/div>\n\t\t\t\t\t<\/div>\n\t\t<\/section>\n\t\t\t\t<section class=\"elementor-section elementor-top-section elementor-element elementor-element-fc281a3 elementor-section-boxed elementor-section-height-default elementor-section-height-default\" data-id=\"fc281a3\" data-element_type=\"section\" data-e-type=\"section\">\n\t\t\t\t\t\t<div class=\"elementor-container elementor-column-gap-default\">\n\t\t\t\t\t<div class=\"elementor-column elementor-col-100 elementor-top-column elementor-element elementor-element-4e7a65d\" data-id=\"4e7a65d\" data-element_type=\"column\" data-e-type=\"column\">\n\t\t\t<div class=\"elementor-widget-wrap elementor-element-populated\">\n\t\t\t\t\t\t<div class=\"elementor-element elementor-element-8150664 elementor-widget elementor-widget-spacer\" data-id=\"8150664\" data-element_type=\"widget\" data-e-type=\"widget\" data-widget_type=\"spacer.default\">\n\t\t\t\t\t\t\t<div class=\"elementor-spacer\">\n\t\t\t<div class=\"elementor-spacer-inner\"><\/div>\n\t\t<\/div>\n\t\t\t\t\t\t<\/div>\n\t\t\t\t\t<\/div>\n\t\t<\/div>\n\t\t\t\t\t<\/div>\n\t\t<\/section>\n\t\t\t\t<section class=\"elementor-section elementor-top-section elementor-element elementor-element-44f91cc elementor-section-boxed elementor-section-height-default elementor-section-height-default\" data-id=\"44f91cc\" data-element_type=\"section\" data-e-type=\"section\">\n\t\t\t\t\t\t<div class=\"elementor-container elementor-column-gap-default\">\n\t\t\t\t\t<div class=\"elementor-column elementor-col-50 elementor-top-column elementor-element elementor-element-d533510\" data-id=\"d533510\" data-element_type=\"column\" data-e-type=\"column\">\n\t\t\t<div class=\"elementor-widget-wrap elementor-element-populated\">\n\t\t\t\t\t\t<div class=\"elementor-element elementor-element-7a50985 elementor-widget elementor-widget-image\" data-id=\"7a50985\" data-element_type=\"widget\" data-e-type=\"widget\" data-widget_type=\"image.default\">\n\t\t\t\t\t\t\t\t\t\t\t\t\t\t\t\t<a href=\"https:\/\/llunahogar.com\/en\/product\/esfera-luz\/\">\n\t\t\t\t\t\t\t<img fetchpriority=\"high\" decoding=\"async\" width=\"600\" height=\"400\" src=\"https:\/\/llunahogar.com\/wp-content\/uploads\/2023\/11\/IMG_0525.jpeg\" class=\"attachment-large size-large wp-image-4169\" alt=\"Esfera Luz\" srcset=\"https:\/\/llunahogar.com\/wp-content\/uploads\/2023\/11\/IMG_0525.jpeg 600w, https:\/\/llunahogar.com\/wp-content\/uploads\/2023\/11\/IMG_0525-300x200.jpeg 300w, https:\/\/llunahogar.com\/wp-content\/uploads\/2023\/11\/IMG_0525-18x12.jpeg 18w\" sizes=\"(max-width: 600px) 100vw, 600px\" \/>\t\t\t\t\t\t\t\t<\/a>\n\t\t\t\t\t\t\t\t\t\t\t\t\t\t\t<\/div>\n\t\t\t\t<div class=\"elementor-element elementor-element-5e4f437 elementor-align-center elementor-widget elementor-widget-button\" data-id=\"5e4f437\" data-element_type=\"widget\" data-e-type=\"widget\" data-widget_type=\"button.default\">\n\t\t\t\t\t\t\t\t\t\t<a class=\"elementor-button elementor-button-link elementor-size-sm\" href=\"https:\/\/llunahogar.com\/en\/product\/esfera-luz\/\">\n\t\t\t\t\t\t<span class=\"elementor-button-content-wrapper\">\n\t\t\t\t\t\t\t\t\t<span class=\"elementor-button-text\">Esfera luz<\/span>\n\t\t\t\t\t<\/span>\n\t\t\t\t\t<\/a>\n\t\t\t\t\t\t\t\t<\/div>\n\t\t\t\t<div class=\"elementor-element elementor-element-df1735e elementor-align-center elementor-widget elementor-widget-button\" data-id=\"df1735e\" data-element_type=\"widget\" data-e-type=\"widget\" data-widget_type=\"button.default\">\n\t\t\t\t\t\t\t\t\t\t<a class=\"elementor-button elementor-button-link elementor-size-sm\" href=\"https:\/\/llunahogar.com\/en\/product\/esfera-luz\/\">\n\t\t\t\t\t\t<span class=\"elementor-button-content-wrapper\">\n\t\t\t\t\t\t\t\t\t<span class=\"elementor-button-text\">ver m\u00e1s<\/span>\n\t\t\t\t\t<\/span>\n\t\t\t\t\t<\/a>\n\t\t\t\t\t\t\t\t<\/div>\n\t\t\t\t\t<\/div>\n\t\t<\/div>\n\t\t\t\t<div class=\"elementor-column elementor-col-50 elementor-top-column elementor-element elementor-element-ec6082a\" data-id=\"ec6082a\" data-element_type=\"column\" data-e-type=\"column\">\n\t\t\t<div class=\"elementor-widget-wrap elementor-element-populated\">\n\t\t\t\t\t\t<div class=\"elementor-element elementor-element-d0b8948 elementor-widget elementor-widget-image\" data-id=\"d0b8948\" data-element_type=\"widget\" data-e-type=\"widget\" data-widget_type=\"image.default\">\n\t\t\t\t\t\t\t\t\t\t\t\t\t\t\t\t<a href=\"https:\/\/llunahogar.com\/en\/product\/esfera-tierra\/\">\n\t\t\t\t\t\t\t<img decoding=\"async\" width=\"800\" height=\"534\" src=\"https:\/\/llunahogar.com\/wp-content\/uploads\/2023\/11\/Esfera-Tierra-Vela-y-Sahumerio-1024x683.jpeg\" class=\"attachment-large size-large wp-image-2833\" alt=\"Sahumerio de M\u00e1rmol Travertino\" srcset=\"https:\/\/llunahogar.com\/wp-content\/uploads\/2023\/11\/Esfera-Tierra-Vela-y-Sahumerio-1024x683.jpeg 1024w, https:\/\/llunahogar.com\/wp-content\/uploads\/2023\/11\/Esfera-Tierra-Vela-y-Sahumerio-300x200.jpeg 300w, https:\/\/llunahogar.com\/wp-content\/uploads\/2023\/11\/Esfera-Tierra-Vela-y-Sahumerio-768x512.jpeg 768w, https:\/\/llunahogar.com\/wp-content\/uploads\/2023\/11\/Esfera-Tierra-Vela-y-Sahumerio-1536x1024.jpeg 1536w, https:\/\/llunahogar.com\/wp-content\/uploads\/2023\/11\/Esfera-Tierra-Vela-y-Sahumerio-2048x1365.jpeg 2048w, https:\/\/llunahogar.com\/wp-content\/uploads\/2023\/11\/Esfera-Tierra-Vela-y-Sahumerio-18x12.jpeg 18w, https:\/\/llunahogar.com\/wp-content\/uploads\/2023\/11\/Esfera-Tierra-Vela-y-Sahumerio-600x400.jpeg 600w, https:\/\/llunahogar.com\/wp-content\/uploads\/2023\/11\/Esfera-Tierra-Vela-y-Sahumerio-scaled-e1713981649672.jpeg 800w\" sizes=\"(max-width: 800px) 100vw, 800px\" \/>\t\t\t\t\t\t\t\t<\/a>\n\t\t\t\t\t\t\t\t\t\t\t\t\t\t\t<\/div>\n\t\t\t\t<div class=\"elementor-element elementor-element-7461d25 elementor-align-center elementor-widget elementor-widget-button\" data-id=\"7461d25\" data-element_type=\"widget\" data-e-type=\"widget\" data-widget_type=\"button.default\">\n\t\t\t\t\t\t\t\t\t\t<a class=\"elementor-button elementor-button-link elementor-size-sm\" href=\"https:\/\/llunahogar.com\/en\/product\/esfera-tierra\/\">\n\t\t\t\t\t\t<span class=\"elementor-button-content-wrapper\">\n\t\t\t\t\t\t\t\t\t<span class=\"elementor-button-text\">esfera tierra<\/span>\n\t\t\t\t\t<\/span>\n\t\t\t\t\t<\/a>\n\t\t\t\t\t\t\t\t<\/div>\n\t\t\t\t<div class=\"elementor-element elementor-element-0ad9ce1 elementor-align-center elementor-widget elementor-widget-button\" data-id=\"0ad9ce1\" data-element_type=\"widget\" data-e-type=\"widget\" data-widget_type=\"button.default\">\n\t\t\t\t\t\t\t\t\t\t<a class=\"elementor-button elementor-button-link elementor-size-sm\" href=\"https:\/\/llunahogar.com\/en\/product\/esfera-tierra\/\">\n\t\t\t\t\t\t<span class=\"elementor-button-content-wrapper\">\n\t\t\t\t\t\t\t\t\t<span class=\"elementor-button-text\">ver m\u00e1s<\/span>\n\t\t\t\t\t<\/span>\n\t\t\t\t\t<\/a>\n\t\t\t\t\t\t\t\t<\/div>\n\t\t\t\t\t<\/div>\n\t\t<\/div>\n\t\t\t\t\t<\/div>\n\t\t<\/section>\n\t\t\t\t<section class=\"elementor-section elementor-top-section elementor-element elementor-element-6b8041c elementor-section-boxed elementor-section-height-default elementor-section-height-default\" data-id=\"6b8041c\" data-element_type=\"section\" data-e-type=\"section\">\n\t\t\t\t\t\t<div class=\"elementor-container elementor-column-gap-default\">\n\t\t\t\t\t<div class=\"elementor-column elementor-col-100 elementor-top-column elementor-element elementor-element-98c395b\" data-id=\"98c395b\" data-element_type=\"column\" data-e-type=\"column\">\n\t\t\t<div class=\"elementor-widget-wrap elementor-element-populated\">\n\t\t\t\t\t\t<div class=\"elementor-element elementor-element-561e976 elementor-widget elementor-widget-spacer\" data-id=\"561e976\" data-element_type=\"widget\" data-e-type=\"widget\" data-widget_type=\"spacer.default\">\n\t\t\t\t\t\t\t<div class=\"elementor-spacer\">\n\t\t\t<div class=\"elementor-spacer-inner\"><\/div>\n\t\t<\/div>\n\t\t\t\t\t\t<\/div>\n\t\t\t\t\t<\/div>\n\t\t<\/div>\n\t\t\t\t\t<\/div>\n\t\t<\/section>\n\t\t\t\t<section class=\"elementor-section elementor-top-section elementor-element elementor-element-938b5f8 elementor-section-boxed elementor-section-height-default elementor-section-height-default\" data-id=\"938b5f8\" data-element_type=\"section\" data-e-type=\"section\">\n\t\t\t\t\t\t<div class=\"elementor-container elementor-column-gap-default\">\n\t\t\t\t\t<div class=\"elementor-column elementor-col-100 elementor-top-column elementor-element elementor-element-1d99957\" data-id=\"1d99957\" data-element_type=\"column\" data-e-type=\"column\">\n\t\t\t<div class=\"elementor-widget-wrap elementor-element-populated\">\n\t\t\t\t\t\t<div class=\"elementor-element elementor-element-e9711d4 elementor-widget elementor-widget-heading\" data-id=\"e9711d4\" data-element_type=\"widget\" data-e-type=\"widget\" data-widget_type=\"heading.default\">\n\t\t\t\t\t<h2 class=\"elementor-heading-title elementor-size-default\">Tambi\u00e9n Podr\u00eda interesarte<\/h2>\t\t\t\t<\/div>\n\t\t\t\t\t<\/div>\n\t\t<\/div>\n\t\t\t\t\t<\/div>\n\t\t<\/section>\n\t\t\t\t<section class=\"elementor-section elementor-top-section elementor-element elementor-element-096e795 elementor-section-boxed elementor-section-height-default elementor-section-height-default\" data-id=\"096e795\" data-element_type=\"section\" data-e-type=\"section\">\n\t\t\t\t\t\t<div class=\"elementor-container elementor-column-gap-default\">\n\t\t\t\t\t<div class=\"elementor-column elementor-col-100 elementor-top-column elementor-element elementor-element-7a5e279\" data-id=\"7a5e279\" data-element_type=\"column\" data-e-type=\"column\">\n\t\t\t<div class=\"elementor-widget-wrap elementor-element-populated\">\n\t\t\t\t\t\t<div class=\"elementor-element elementor-element-00039b2 elementor-widget elementor-widget-spacer\" data-id=\"00039b2\" data-element_type=\"widget\" data-e-type=\"widget\" data-widget_type=\"spacer.default\">\n\t\t\t\t\t\t\t<div class=\"elementor-spacer\">\n\t\t\t<div class=\"elementor-spacer-inner\"><\/div>\n\t\t<\/div>\n\t\t\t\t\t\t<\/div>\n\t\t\t\t\t<\/div>\n\t\t<\/div>\n\t\t\t\t\t<\/div>\n\t\t<\/section>\n\t\t\t\t<section class=\"elementor-section elementor-top-section elementor-element elementor-element-dc65560 elementor-section-boxed elementor-section-height-default elementor-section-height-default\" data-id=\"dc65560\" data-element_type=\"section\" data-e-type=\"section\">\n\t\t\t\t\t\t<div class=\"elementor-container elementor-column-gap-default\">\n\t\t\t\t\t<div class=\"elementor-column elementor-col-100 elementor-top-column elementor-element elementor-element-1ec8806\" data-id=\"1ec8806\" data-element_type=\"column\" data-e-type=\"column\">\n\t\t\t<div class=\"elementor-widget-wrap elementor-element-populated\">\n\t\t\t\t\t\t<div class=\"elementor-element elementor-element-3c08c4e elementor-widget elementor-widget-heading\" data-id=\"3c08c4e\" data-element_type=\"widget\" data-e-type=\"widget\" data-widget_type=\"heading.default\">\n\t\t\t\t\t<h2 class=\"elementor-heading-title elementor-size-default\"><a href=\"https:\/\/llunahogar.com\/en\/coleccion-piedra\/\">Colecci\u00f3n Piedra<\/a><\/h2>\t\t\t\t<\/div>\n\t\t\t\t\t<\/div>\n\t\t<\/div>\n\t\t\t\t\t<\/div>\n\t\t<\/section>\n\t\t\t\t<section class=\"elementor-section elementor-top-section elementor-element elementor-element-48b1e68 elementor-section-boxed elementor-section-height-default elementor-section-height-default\" data-id=\"48b1e68\" data-element_type=\"section\" data-e-type=\"section\">\n\t\t\t\t\t\t<div class=\"elementor-container elementor-column-gap-default\">\n\t\t\t\t\t<div class=\"elementor-column elementor-col-50 elementor-top-column elementor-element elementor-element-f6835e8\" data-id=\"f6835e8\" data-element_type=\"column\" data-e-type=\"column\">\n\t\t\t<div class=\"elementor-widget-wrap elementor-element-populated\">\n\t\t\t\t\t\t<div class=\"elementor-element elementor-element-938b888 elementor-widget elementor-widget-image\" data-id=\"938b888\" data-element_type=\"widget\" data-e-type=\"widget\" data-widget_type=\"image.default\">\n\t\t\t\t\t\t\t\t\t\t\t\t\t\t\t\t<a href=\"https:\/\/llunahogar.com\/en\/coleccion-piedra\/\">\n\t\t\t\t\t\t\t<img decoding=\"async\" width=\"800\" height=\"534\" src=\"https:\/\/llunahogar.com\/wp-content\/uploads\/2023\/05\/Piedra-Lunar-Piedra-Atardecer-Lluna-Hogar-1024x683.webp\" class=\"attachment-large size-large wp-image-2798\" alt=\"\" srcset=\"https:\/\/llunahogar.com\/wp-content\/uploads\/2023\/05\/Piedra-Lunar-Piedra-Atardecer-Lluna-Hogar-1024x683.webp 1024w, https:\/\/llunahogar.com\/wp-content\/uploads\/2023\/05\/Piedra-Lunar-Piedra-Atardecer-Lluna-Hogar-300x200.webp 300w, https:\/\/llunahogar.com\/wp-content\/uploads\/2023\/05\/Piedra-Lunar-Piedra-Atardecer-Lluna-Hogar-768x512.webp 768w, https:\/\/llunahogar.com\/wp-content\/uploads\/2023\/05\/Piedra-Lunar-Piedra-Atardecer-Lluna-Hogar-18x12.webp 18w, https:\/\/llunahogar.com\/wp-content\/uploads\/2023\/05\/Piedra-Lunar-Piedra-Atardecer-Lluna-Hogar-600x400.webp 600w, https:\/\/llunahogar.com\/wp-content\/uploads\/2023\/05\/Piedra-Lunar-Piedra-Atardecer-Lluna-Hogar-e1713982619955.webp 1000w\" sizes=\"(max-width: 800px) 100vw, 800px\" \/>\t\t\t\t\t\t\t\t<\/a>\n\t\t\t\t\t\t\t\t\t\t\t\t\t\t\t<\/div>\n\t\t\t\t<div class=\"elementor-element elementor-element-9b16bb0 elementor-widget elementor-widget-spacer\" data-id=\"9b16bb0\" data-element_type=\"widget\" data-e-type=\"widget\" data-widget_type=\"spacer.default\">\n\t\t\t\t\t\t\t<div class=\"elementor-spacer\">\n\t\t\t<div class=\"elementor-spacer-inner\"><\/div>\n\t\t<\/div>\n\t\t\t\t\t\t<\/div>\n\t\t\t\t<div class=\"elementor-element elementor-element-0b3da38 elementor-align-center elementor-widget elementor-widget-button\" data-id=\"0b3da38\" data-element_type=\"widget\" data-e-type=\"widget\" data-widget_type=\"button.default\">\n\t\t\t\t\t\t\t\t\t\t<a class=\"elementor-button elementor-button-link elementor-size-sm\" href=\"https:\/\/llunahogar.com\/en\/coleccion-piedra\/\">\n\t\t\t\t\t\t<span class=\"elementor-button-content-wrapper\">\n\t\t\t\t\t\t\t\t\t<span class=\"elementor-button-text\">ver m\u00e1s<\/span>\n\t\t\t\t\t<\/span>\n\t\t\t\t\t<\/a>\n\t\t\t\t\t\t\t\t<\/div>\n\t\t\t\t\t<\/div>\n\t\t<\/div>\n\t\t\t\t<div class=\"elementor-column elementor-col-50 elementor-top-column elementor-element elementor-element-f3b839e\" data-id=\"f3b839e\" data-element_type=\"column\" data-e-type=\"column\">\n\t\t\t<div class=\"elementor-widget-wrap\">\n\t\t\t\t\t\t\t<\/div>\n\t\t<\/div>\n\t\t\t\t\t<\/div>\n\t\t<\/section>\n\t\t\t\t<section class=\"elementor-section elementor-top-section elementor-element elementor-element-1461872 elementor-section-boxed elementor-section-height-default elementor-section-height-default\" data-id=\"1461872\" data-element_type=\"section\" data-e-type=\"section\">\n\t\t\t\t\t\t<div class=\"elementor-container elementor-column-gap-default\">\n\t\t\t\t\t<div class=\"elementor-column elementor-col-100 elementor-top-column elementor-element elementor-element-22964d7\" data-id=\"22964d7\" data-element_type=\"column\" data-e-type=\"column\">\n\t\t\t<div class=\"elementor-widget-wrap elementor-element-populated\">\n\t\t\t\t\t\t<div class=\"elementor-element elementor-element-2140ea3 elementor-widget elementor-widget-spacer\" data-id=\"2140ea3\" data-element_type=\"widget\" data-e-type=\"widget\" data-widget_type=\"spacer.default\">\n\t\t\t\t\t\t\t<div class=\"elementor-spacer\">\n\t\t\t<div class=\"elementor-spacer-inner\"><\/div>\n\t\t<\/div>\n\t\t\t\t\t\t<\/div>\n\t\t\t\t\t<\/div>\n\t\t<\/div>\n\t\t\t\t\t<\/div>\n\t\t<\/section>\n\t\t\t\t<\/div>","protected":false},"excerpt":{"rendered":"<p>Esfera luz ver m\u00e1s esfera tierra ver m\u00e1s Tambi\u00e9n Podr\u00eda interesarte Colecci\u00f3n Piedra ver m\u00e1s<\/p>","protected":false},"author":1,"featured_media":0,"parent":0,"menu_order":0,"comment_status":"closed","ping_status":"closed","template":"elementor_header_footer","meta":{"footnotes":""},"class_list":["post-3091","page","type-page","status-publish","hentry"],"_links":{"self":[{"href":"https:\/\/llunahogar.com\/en\/wp-json\/wp\/v2\/pages\/3091","targetHints":{"allow":["GET"]}}],"collection":[{"href":"https:\/\/llunahogar.com\/en\/wp-json\/wp\/v2\/pages"}],"about":[{"href":"https:\/\/llunahogar.com\/en\/wp-json\/wp\/v2\/types\/page"}],"author":[{"embeddable":true,"href":"https:\/\/llunahogar.com\/en\/wp-json\/wp\/v2\/users\/1"}],"replies":[{"embeddable":true,"href":"https:\/\/llunahogar.com\/en\/wp-json\/wp\/v2\/comments?post=3091"}],"version-history":[{"count":8,"href":"https:\/\/llunahogar.com\/en\/wp-json\/wp\/v2\/pages\/3091\/revisions"}],"predecessor-version":[{"id":5850,"href":"https:\/\/llunahogar.com\/en\/wp-json\/wp\/v2\/pages\/3091\/revisions\/5850"}],"wp:attachment":[{"href":"https:\/\/llunahogar.com\/en\/wp-json\/wp\/v2\/media?parent=3091"}],"curies":[{"name":"wp","href":"https:\/\/api.w.org\/{rel}","templated":true}]}}