{"id":1329,"date":"2023-07-26T01:17:40","date_gmt":"2023-07-26T01:17:40","guid":{"rendered":"https:\/\/llunahogar.com\/?post_type=product&#038;p=1329"},"modified":"2026-02-23T19:00:01","modified_gmt":"2026-02-23T19:00:01","slug":"piedra-atardecer","status":"publish","type":"product","link":"https:\/\/llunahogar.com\/en\/product\/piedra-atardecer\/","title":{"rendered":"Piedra Atardecer"},"content":{"rendered":"<p>Relax and let the stress fade away in the ambiance created by our onyx stone candle.<\/p>\n<p>Each candle in our Piedra Atardecer collection is a unique work of art carved from precious stone.<\/p>\n<p>Piedra Atardecer est\u00e1 hecha a base de cera de coco y cera de candelilla org\u00e1nicas.<\/p>\n<p>Tambi\u00e9n contiene manteca de cacao org\u00e1nico y aceites esenciales puros de ylang ylang y lavanda. El aroma que emite Piedra Atardecer es sutil, con notas c\u00e1lidas de cacao, florales de ylang ylang y relajantes de lavanda.<\/p>","protected":false},"excerpt":{"rendered":"<p>Relax and let the stress fade away in the ambiance created by our onyx stone candle.<\/p>\n<p>Each candle in our Piedra Atardecer collection is a unique work of art carved from precious stone.<\/p>\n<p>The Piedra Atardecer container is made 100% from amber-colored onyx. The container was designed by us and handcrafted by artisans from the state of Quer\u00e9taro.<\/p>\n<p class=\"p1\"><span class=\"s1\">Amber onyx has been used throughout history for its healing and spiritual properties. Onyx stone brings a sense of grounding, calm, and strength, enhancing emotional balance,<\/span><span class=\"s1\"> clarity, mental strength, and emotional balance. It can also help reduce stress, anxiety, and distress.\u00a0<\/span><\/p>\n<p>Piedra Atardecer is made from organic coconut wax and candelilla wax. It also contains organic cocoa butter and essential oils.<\/p>\n<p>Our candles are free from paraffin, fragrances, and petroleum derivatives. Conventional candles contain fragrances and\/or paraffin wax, which can be harmful to health. For more information, read our article <strong><a href=\"https:\/\/llunahogar.com\/en\/las-mejores-velas-de-cera-de-coco\/\" target=\"_blank\" rel=\"noopener\">\"The Best Coconut Wax and Essential Oil Candles.\"<\/a><\/strong><\/p>\n<p>The wick is made of unbleached cotton and is coated with our blend of coconut wax and candelilla wax.<\/p>","protected":false},"featured_media":4048,"comment_status":"open","ping_status":"closed","template":"","meta":[],"product_brand":[],"product_cat":[81],"product_tag":[],"class_list":{"0":"post-1329","1":"product","2":"type-product","3":"status-publish","4":"has-post-thumbnail","6":"product_cat-coleccion-piedra","8":"first","9":"instock","10":"shipping-taxable","11":"purchasable","12":"product-type-variable"},"_links":{"self":[{"href":"https:\/\/llunahogar.com\/en\/wp-json\/wp\/v2\/product\/1329","targetHints":{"allow":["GET"]}}],"collection":[{"href":"https:\/\/llunahogar.com\/en\/wp-json\/wp\/v2\/product"}],"about":[{"href":"https:\/\/llunahogar.com\/en\/wp-json\/wp\/v2\/types\/product"}],"replies":[{"embeddable":true,"href":"https:\/\/llunahogar.com\/en\/wp-json\/wp\/v2\/comments?post=1329"}],"wp:featuredmedia":[{"embeddable":true,"href":"https:\/\/llunahogar.com\/en\/wp-json\/wp\/v2\/media\/4048"}],"wp:attachment":[{"href":"https:\/\/llunahogar.com\/en\/wp-json\/wp\/v2\/media?parent=1329"}],"wp:term":[{"taxonomy":"product_brand","embeddable":true,"href":"https:\/\/llunahogar.com\/en\/wp-json\/wp\/v2\/product_brand?post=1329"},{"taxonomy":"product_cat","embeddable":true,"href":"https:\/\/llunahogar.com\/en\/wp-json\/wp\/v2\/product_cat?post=1329"},{"taxonomy":"product_tag","embeddable":true,"href":"https:\/\/llunahogar.com\/en\/wp-json\/wp\/v2\/product_tag?post=1329"}],"curies":[{"name":"wp","href":"https:\/\/api.w.org\/{rel}","templated":true}]}}