{"id":2563,"date":"2023-11-07T15:27:01","date_gmt":"2023-11-07T15:27:01","guid":{"rendered":"https:\/\/llunahogar.com\/?post_type=product&#038;p=2563"},"modified":"2025-05-30T02:15:36","modified_gmt":"2025-05-30T02:15:36","slug":"refill-madera","status":"publish","type":"product","link":"https:\/\/llunahogar.com\/en\/product\/refill-madera\/","title":{"rendered":"Refill Madera"},"content":{"rendered":"<p>Refill Madera, te permite rellenar tu envase de Piedra Lunar y Piedra Atardecer. Tiene un aroma maderoso con aceites esenciales de patchouli y cipr\u00e9s, notas frescas de t\u00e9 verde y c\u00e1lidas de cacao.<\/p>","protected":false},"excerpt":{"rendered":"<p>Our commitment to the environment and our vision of timeless design called for the creation of a custom-made candle, making it easy to reuse your onyx container.<\/p>\n<p>It features a woody aroma with essential oils of patchouli and sandalwood, cinnamon, and warm notes of cacao.<\/p>\n<p>This refill allows you to replenish your Piedra Lunar and Piedra Atardecer containers, giving you 40 more hours of warm light and a woody aroma.<\/p>","protected":false},"featured_media":4045,"comment_status":"open","ping_status":"closed","template":"","meta":[],"product_brand":[],"product_cat":[88,82],"product_tag":[],"class_list":{"0":"post-2563","1":"product","2":"type-product","3":"status-publish","4":"has-post-thumbnail","6":"product_cat-refill-madera","7":"product_cat-coleccion-refill","9":"first","10":"instock","11":"shipping-taxable","12":"purchasable","13":"product-type-simple"},"_links":{"self":[{"href":"https:\/\/llunahogar.com\/en\/wp-json\/wp\/v2\/product\/2563","targetHints":{"allow":["GET"]}}],"collection":[{"href":"https:\/\/llunahogar.com\/en\/wp-json\/wp\/v2\/product"}],"about":[{"href":"https:\/\/llunahogar.com\/en\/wp-json\/wp\/v2\/types\/product"}],"replies":[{"embeddable":true,"href":"https:\/\/llunahogar.com\/en\/wp-json\/wp\/v2\/comments?post=2563"}],"wp:featuredmedia":[{"embeddable":true,"href":"https:\/\/llunahogar.com\/en\/wp-json\/wp\/v2\/media\/4045"}],"wp:attachment":[{"href":"https:\/\/llunahogar.com\/en\/wp-json\/wp\/v2\/media?parent=2563"}],"wp:term":[{"taxonomy":"product_brand","embeddable":true,"href":"https:\/\/llunahogar.com\/en\/wp-json\/wp\/v2\/product_brand?post=2563"},{"taxonomy":"product_cat","embeddable":true,"href":"https:\/\/llunahogar.com\/en\/wp-json\/wp\/v2\/product_cat?post=2563"},{"taxonomy":"product_tag","embeddable":true,"href":"https:\/\/llunahogar.com\/en\/wp-json\/wp\/v2\/product_tag?post=2563"}],"curies":[{"name":"wp","href":"https:\/\/api.w.org\/{rel}","templated":true}]}}