{"id":4284,"date":"2024-06-20T19:01:37","date_gmt":"2024-06-20T19:01:37","guid":{"rendered":"https:\/\/llunahogar.com\/?post_type=product&#038;p=4284"},"modified":"2026-02-23T18:58:35","modified_gmt":"2026-02-23T18:58:35","slug":"piedra-rosa","status":"publish","type":"product","link":"https:\/\/llunahogar.com\/en\/product\/piedra-rosa\/","title":{"rendered":"Piedra Rosa"},"content":{"rendered":"<p>Piedra Rosa is a handcrafted candle made by Mexican hands, from its pink marble container to its wax blend. This candle is not only elegant, but also adds a touch of luxury to any space, transforming the atmosphere with its sophisticated presence.<\/p>\n<p>&nbsp;<\/p>","protected":false},"excerpt":{"rendered":"<p>Piedra Rosa is a handcrafted candle made by Mexican hands, from its pink marble container to its wax blend. This candle is not only elegant, but also adds a touch of luxury to any space, transforming the atmosphere with its sophisticated presence.<\/p>\n<p>El m\u00e1rmol rosa tiene vetas de color rosa p\u00e1lido y beige que a\u00f1aden un toque distintivo y elegante a su apariencia.<\/p>\n<p>The candle is made from coconut wax, sustainably sourced candelilla wax, and organic cocoa butter, ensuring a clean and eco-friendly burn. Piedra Rosa\u2019s scent comes from pure essential oils, free from synthetic fragrances, offering a natural and relaxing olfactory experience.<\/p>\n<p>Our candles are free from paraffin, synthetic fragrances, and petroleum derivatives. Conventional candles often contain fragrances and\/or paraffin wax, which can be harmful to your health. For more information, read our article \u201c<strong><a href=\"https:\/\/llunahogar.com\/en\/las-mejores-velas-de-cera-de-coco\/\">The Best Coconut Wax and Essential Oil Candles\"<\/a><\/strong>\u201d.<\/p>\n<p>Every detail of Piedra Rosa has been carefully crafted to offer not only a beautiful decorative piece but also a product that promotes well-being and respect for the environment.<\/p>","protected":false},"featured_media":4298,"comment_status":"open","ping_status":"closed","template":"","meta":[],"product_brand":[],"product_cat":[81],"product_tag":[],"class_list":{"0":"post-4284","1":"product","2":"type-product","3":"status-publish","4":"has-post-thumbnail","6":"product_cat-coleccion-piedra","8":"first","9":"instock","10":"shipping-taxable","11":"purchasable","12":"product-type-variable"},"_links":{"self":[{"href":"https:\/\/llunahogar.com\/en\/wp-json\/wp\/v2\/product\/4284","targetHints":{"allow":["GET"]}}],"collection":[{"href":"https:\/\/llunahogar.com\/en\/wp-json\/wp\/v2\/product"}],"about":[{"href":"https:\/\/llunahogar.com\/en\/wp-json\/wp\/v2\/types\/product"}],"replies":[{"embeddable":true,"href":"https:\/\/llunahogar.com\/en\/wp-json\/wp\/v2\/comments?post=4284"}],"wp:featuredmedia":[{"embeddable":true,"href":"https:\/\/llunahogar.com\/en\/wp-json\/wp\/v2\/media\/4298"}],"wp:attachment":[{"href":"https:\/\/llunahogar.com\/en\/wp-json\/wp\/v2\/media?parent=4284"}],"wp:term":[{"taxonomy":"product_brand","embeddable":true,"href":"https:\/\/llunahogar.com\/en\/wp-json\/wp\/v2\/product_brand?post=4284"},{"taxonomy":"product_cat","embeddable":true,"href":"https:\/\/llunahogar.com\/en\/wp-json\/wp\/v2\/product_cat?post=4284"},{"taxonomy":"product_tag","embeddable":true,"href":"https:\/\/llunahogar.com\/en\/wp-json\/wp\/v2\/product_tag?post=4284"}],"curies":[{"name":"wp","href":"https:\/\/api.w.org\/{rel}","templated":true}]}}