{"id":5826,"date":"2025-12-06T18:31:33","date_gmt":"2025-12-06T18:31:33","guid":{"rendered":"https:\/\/llunahogar.com\/?post_type=product&#038;p=5826"},"modified":"2025-12-06T18:31:33","modified_gmt":"2025-12-06T18:31:33","slug":"esfera-xahai","status":"publish","type":"product","link":"https:\/\/llunahogar.com\/en\/product\/esfera-xahai\/","title":{"rendered":"Esfera Xahai"},"content":{"rendered":"<p>Descubre la majestuosidad de nuestra vela esf\u00e9rica en \u00f3nix verde, una pieza artesanal que fusiona la energ\u00eda de la naturaleza con la calidez de la luz. Cada esfera es \u00fanica, esculpida en \u00f3nix verde con vetas caf\u00e9s y rojas que narran la historia milenaria de la tierra, convirti\u00e9ndola en un objeto de contemplaci\u00f3n y elegancia.<\/p>","protected":false},"excerpt":{"rendered":"<p data-start=\"232\" data-end=\"564\">Descubre la majestuosidad de nuestra vela esf\u00e9rica en \u00f3nix verde, una pieza artesanal que fusiona la energ\u00eda de la naturaleza con la calidez de la luz. Cada esfera es \u00fanica, esculpida en \u00f3nix verde con vetas caf\u00e9s y rojas que narran la historia milenaria de la tierra, convirti\u00e9ndola en un objeto de contemplaci\u00f3n y elegancia.<\/p>\n<p data-start=\"566\" data-end=\"821\">M\u00e1s que una vela, la Esfera Xahai es un ritual de transformaci\u00f3n. Una vez cumplida su primera vida iluminando tu espacio, se convierte en un sahumerio de palo santo o incienso, prolongando su utilidad y envolvi\u00e9ndote en un ambiente de paz y armon\u00eda.<\/p>\n<p data-start=\"823\" data-end=\"996\">Confeccionada con ingredientes naturales, libres de parafinas y derivados de petr\u00f3leo, su combusti\u00f3n es limpia y duradera, honrando tanto tu bienestar como el del entorno.<\/p>\n<p data-start=\"998\" data-end=\"1341\">El \u00f3nix verde, con su car\u00e1cter vibrante y sus vetas en tonos tierra y rojizos, convierte cada pieza en un tesoro irrepetible. Su presencia transmite fuerza, equilibrio y distinci\u00f3n, haciendo de la Esfera Xahai mucho m\u00e1s que un objeto decorativo: una experiencia sensorial y espiritual que se integra con naturalidad en cualquier espacio.<\/p>","protected":false},"featured_media":5993,"comment_status":"open","ping_status":"closed","template":"","meta":[],"product_brand":[],"product_cat":[80],"product_tag":[],"class_list":{"0":"post-5826","1":"product","2":"type-product","3":"status-publish","4":"has-post-thumbnail","6":"product_cat-coleccion-esfera","8":"first","9":"instock","10":"shipping-taxable","11":"purchasable","12":"product-type-variable"},"_links":{"self":[{"href":"https:\/\/llunahogar.com\/en\/wp-json\/wp\/v2\/product\/5826","targetHints":{"allow":["GET"]}}],"collection":[{"href":"https:\/\/llunahogar.com\/en\/wp-json\/wp\/v2\/product"}],"about":[{"href":"https:\/\/llunahogar.com\/en\/wp-json\/wp\/v2\/types\/product"}],"replies":[{"embeddable":true,"href":"https:\/\/llunahogar.com\/en\/wp-json\/wp\/v2\/comments?post=5826"}],"wp:featuredmedia":[{"embeddable":true,"href":"https:\/\/llunahogar.com\/en\/wp-json\/wp\/v2\/media\/5993"}],"wp:attachment":[{"href":"https:\/\/llunahogar.com\/en\/wp-json\/wp\/v2\/media?parent=5826"}],"wp:term":[{"taxonomy":"product_brand","embeddable":true,"href":"https:\/\/llunahogar.com\/en\/wp-json\/wp\/v2\/product_brand?post=5826"},{"taxonomy":"product_cat","embeddable":true,"href":"https:\/\/llunahogar.com\/en\/wp-json\/wp\/v2\/product_cat?post=5826"},{"taxonomy":"product_tag","embeddable":true,"href":"https:\/\/llunahogar.com\/en\/wp-json\/wp\/v2\/product_tag?post=5826"}],"curies":[{"name":"wp","href":"https:\/\/api.w.org\/{rel}","templated":true}]}}